{"id":1697,"date":"2023-06-14T19:48:14","date_gmt":"2023-06-14T17:48:14","guid":{"rendered":"https:\/\/vasutlabor.hu\/?page_id=1697"},"modified":"2024-09-18T23:51:48","modified_gmt":"2024-09-18T21:51:48","slug":"imprint","status":"publish","type":"page","link":"https:\/\/vasutlabor.hu\/en\/imprint\/","title":{"rendered":"Imprint"},"content":{"rendered":"<div class=\"gb-container gb-container-eca64826\">\n<div class=\"gb-container gb-container-8c64a0eb\">\n\n<h2 class=\"gb-headline gb-headline-5c61914a gb-headline-text\">Company details:<\/h2>\n\n\n\n<p><strong>Company name: <\/strong>Vas\u00fatlabor Kft.<br><strong>Headquarters:<\/strong> 1051 Budapest, V\u00f6r\u00f6smarty t\u00e9r 1.<br><strong>Postal address:<\/strong> 1051 Budapest, V\u00f6r\u00f6smarty t\u00e9r 1.<br><strong>Tax number:<\/strong> 32190148-2-41<br><strong>Authority registering the company:<\/strong> F\u0151v\u00e1rosi T\u00f6rv\u00e9nysz\u00e9k C\u00e9gb\u00edr\u00f3s\u00e1ga<br><strong>Camara:<\/strong> Budapesti Kereskedelmi \u00e9s Iparkamara<br><strong>Phone:<\/strong> +36 30 557 3610<br><strong>E-mail:<\/strong> info@vasutlabor.hu<\/p>\n\n\n\n<h2 class=\"gb-headline gb-headline-7ba0aca3 gb-headline-text\">Details of the hosting provider:<\/h2>\n\n\n\n<p><strong>Company name:<\/strong> F\u00f3kusz Computer Kft.<br><strong>Headquarters:<\/strong> 2030 \u00c9rd, Andr\u00e1s utca 20.<br><strong>Phone:<\/strong> +36-23-390460<br><strong>E-mail:<\/strong> office@fokuszcomputer.hu<\/p>\n\n<\/div>\n<\/div>","protected":false},"excerpt":{"rendered":"<p>Company details: Company name: Vas\u00fatlabor Kft.Headquarters: 1051 Budapest, V\u00f6r\u00f6smarty t\u00e9r 1.Postal address: 1051 Budapest, V\u00f6r\u00f6smarty t\u00e9r 1.Tax number: 32190148-2-41Authority registering the company: F\u0151v\u00e1rosi T\u00f6rv\u00e9nysz\u00e9k C\u00e9gb\u00edr\u00f3s\u00e1gaCamara: Budapesti Kereskedelmi \u00e9s IparkamaraPhone: +36 30 557 3610E-mail: info@vasutlabor.hu Details of the hosting provider: Company name: F\u00f3kusz Computer Kft.Headquarters: 2030 \u00c9rd, Andr\u00e1s utca 20.Phone: +36-23-390460E-mail: office@fokuszcomputer.hu<\/p>\n","protected":false},"author":2,"featured_media":0,"parent":0,"menu_order":0,"comment_status":"closed","ping_status":"closed","template":"","meta":{"_seopress_robots_primary_cat":"","_seopress_titles_title":"","_seopress_titles_desc":"","_seopress_robots_index":"","inline_featured_image":false,"footnotes":""},"class_list":["post-1697","page","type-page","status-publish"],"_links":{"self":[{"href":"https:\/\/vasutlabor.hu\/en\/wp-json\/wp\/v2\/pages\/1697","targetHints":{"allow":["GET"]}}],"collection":[{"href":"https:\/\/vasutlabor.hu\/en\/wp-json\/wp\/v2\/pages"}],"about":[{"href":"https:\/\/vasutlabor.hu\/en\/wp-json\/wp\/v2\/types\/page"}],"author":[{"embeddable":true,"href":"https:\/\/vasutlabor.hu\/en\/wp-json\/wp\/v2\/users\/2"}],"replies":[{"embeddable":true,"href":"https:\/\/vasutlabor.hu\/en\/wp-json\/wp\/v2\/comments?post=1697"}],"version-history":[{"count":1,"href":"https:\/\/vasutlabor.hu\/en\/wp-json\/wp\/v2\/pages\/1697\/revisions"}],"predecessor-version":[{"id":1700,"href":"https:\/\/vasutlabor.hu\/en\/wp-json\/wp\/v2\/pages\/1697\/revisions\/1700"}],"wp:attachment":[{"href":"https:\/\/vasutlabor.hu\/en\/wp-json\/wp\/v2\/media?parent=1697"}],"curies":[{"name":"wp","href":"https:\/\/api.w.org\/{rel}","templated":true}]}}